{"id":8739,"date":"2024-12-11T03:00:37","date_gmt":"2024-12-11T03:00:37","guid":{"rendered":"https:\/\/dtcs.adlabro.com\/?page_id=8739"},"modified":"2025-03-01T15:57:43","modified_gmt":"2025-03-01T15:57:43","slug":"expect-africa","status":"publish","type":"page","link":"https:\/\/dtcs-expect.org\/index.php\/expect-africa\/","title":{"rendered":"ExPECT \u2013 Africa"},"content":{"rendered":"\t\t<div data-elementor-type=\"wp-page\" data-elementor-id=\"8739\" class=\"elementor elementor-8739\" data-elementor-settings=\"{&quot;element_pack_global_tooltip_width&quot;:{&quot;unit&quot;:&quot;px&quot;,&quot;size&quot;:&quot;&quot;,&quot;sizes&quot;:[]},&quot;element_pack_global_tooltip_width_tablet&quot;:{&quot;unit&quot;:&quot;px&quot;,&quot;size&quot;:&quot;&quot;,&quot;sizes&quot;:[]},&quot;element_pack_global_tooltip_width_mobile&quot;:{&quot;unit&quot;:&quot;px&quot;,&quot;size&quot;:&quot;&quot;,&quot;sizes&quot;:[]},&quot;element_pack_global_tooltip_padding&quot;:{&quot;unit&quot;:&quot;px&quot;,&quot;top&quot;:&quot;&quot;,&quot;right&quot;:&quot;&quot;,&quot;bottom&quot;:&quot;&quot;,&quot;left&quot;:&quot;&quot;,&quot;isLinked&quot;:true},&quot;element_pack_global_tooltip_padding_tablet&quot;:{&quot;unit&quot;:&quot;px&quot;,&quot;top&quot;:&quot;&quot;,&quot;right&quot;:&quot;&quot;,&quot;bottom&quot;:&quot;&quot;,&quot;left&quot;:&quot;&quot;,&quot;isLinked&quot;:true},&quot;element_pack_global_tooltip_padding_mobile&quot;:{&quot;unit&quot;:&quot;px&quot;,&quot;top&quot;:&quot;&quot;,&quot;right&quot;:&quot;&quot;,&quot;bottom&quot;:&quot;&quot;,&quot;left&quot;:&quot;&quot;,&quot;isLinked&quot;:true},&quot;element_pack_global_tooltip_border_radius&quot;:{&quot;unit&quot;:&quot;px&quot;,&quot;top&quot;:&quot;&quot;,&quot;right&quot;:&quot;&quot;,&quot;bottom&quot;:&quot;&quot;,&quot;left&quot;:&quot;&quot;,&quot;isLinked&quot;:true},&quot;element_pack_global_tooltip_border_radius_tablet&quot;:{&quot;unit&quot;:&quot;px&quot;,&quot;top&quot;:&quot;&quot;,&quot;right&quot;:&quot;&quot;,&quot;bottom&quot;:&quot;&quot;,&quot;left&quot;:&quot;&quot;,&quot;isLinked&quot;:true},&quot;element_pack_global_tooltip_border_radius_mobile&quot;:{&quot;unit&quot;:&quot;px&quot;,&quot;top&quot;:&quot;&quot;,&quot;right&quot;:&quot;&quot;,&quot;bottom&quot;:&quot;&quot;,&quot;left&quot;:&quot;&quot;,&quot;isLinked&quot;:true}}\">\n\t\t\t\t<div class=\"elementor-element elementor-element-5b05a48 e-con-full e-flex e-con e-parent\" data-id=\"5b05a48\" data-element_type=\"container\">\n\t\t\t\t<div class=\"elementor-element elementor-element-fe889e9 elementor-widget elementor-widget-rt-inner-banner\" data-id=\"fe889e9\" data-element_type=\"widget\" data-widget_type=\"rt-inner-banner.default\">\n\t\t\t\t<div class=\"elementor-widget-container\">\n\t\t\t\n    <div class=\"panel\">\n        <div class=\"container max-w-xl\">\n            <div class=\"panel vstack justify-center text-center\" data-anime=\"onview: -100; targets: >*; translateY: [48, 0]; opacity: [0, 1]; easing: easeOutCubic; duration: 500; delay: anime.stagger(100, {start: 500});\">\n                <div class=\"panel vstack items-center gap-2 lg:gap-4 mb-4 sm:mb-6 lg:mb-8 max-w-750px mx-auto text-center\">\n                    <h1 class=\"h2 sm:h1 lg:display-6 xl:display-5 m-0\">\n                        ExPECT \u2013 Africa                    <\/h1>\n                    <p class=\"m-0 fs-3 mgb0\">\n                                            <\/p>\n                <\/div>\n                                    \n                    <div class=\"panel\">\n                        <div class=\"ratio ratio-1x1 rounded h-300px lg:h-400px xl:h-500px rounded uc-transition-toggle overflow-hidden\">\n                            <img decoding=\"async\" class=\"media-cover image uc-transition-scale-up uc-transition-opaque\" src=\"https:\/\/dt-sclt.com\/wp-content\/uploads\/2024\/12\/ExPECT-Africa.jpg\" alt=\"image\">\n                        <\/div>\n                    <\/div>\n                            <\/div>\n        <\/div>\n    <\/div>       \n    \t\t<\/div>\n\t\t\t\t<\/div>\n\t\t\t\t<\/div>\n\t\t<div class=\"elementor-element elementor-element-f71448f animated-slow e-flex e-con-boxed elementor-invisible e-con e-parent\" data-id=\"f71448f\" data-element_type=\"container\" data-settings=\"{&quot;animation&quot;:&quot;fadeIn&quot;}\">\n\t\t\t\t\t<div class=\"e-con-inner\">\n\t\t\t\t<div class=\"elementor-element elementor-element-35603c7 elementor-widget elementor-widget-text-editor\" data-id=\"35603c7\" data-element_type=\"widget\" data-widget_type=\"text-editor.default\">\n\t\t\t\t<div class=\"elementor-widget-container\">\n\t\t\t\t\t\t\t<p><i><b>\u00ab\u00a0Valoriser le savoir-faire africain\u00a0\u00bb,<\/b><\/i><i>\u00a0\u00a0en contribuant \u00e0 cr\u00e9er l\u2019\u00e9cosyst\u00e8me favorable, \u00e0 faciliter l\u2019acc\u00e8s aux capacit\u00e9s d\u2019analyse, de conseil strat\u00e9gique et de promotion et \u00e0 favoriser les \u00e9changes entre acteurs impliqu\u00e9s\u00a0dans des d\u00e9marches de valorisation et de diff\u00e9renciation positive (Qualification, Certification, Labellisation\u2026) de produits et services africains \u00e0 fort potentiel . <\/i><\/p><p><i>ExPECT Africa\u00a0est une plateforme de ressources et de partenariats anim\u00e9e par DTCS, oeuvrant pour la consolidation et l\u2019acc\u00e9l\u00e9ration du savoir-faire \u00ab Made in Africa \u00bb<\/i><\/p>\t\t\t\t\t\t<\/div>\n\t\t\t\t<\/div>\n\t\t\t\t\t<\/div>\n\t\t\t\t<\/div>\n\t\t<div class=\"elementor-element elementor-element-3ae456a e-flex e-con-boxed e-con e-parent\" data-id=\"3ae456a\" data-element_type=\"container\">\n\t\t\t\t\t<div class=\"e-con-inner\">\n\t\t\t\t\t<\/div>\n\t\t\t\t<\/div>\n\t\t\t\t<\/div>\n\t\t","protected":false},"excerpt":{"rendered":"<p>*; translateY: [48, 0]; opacity: [0, 1]; easing: easeOutCubic; duration: 500; delay: anime.stagger(100, {start: 500});&#8221;> ExPECT \u2013 Africa \u00ab\u00a0Valoriser le savoir-faire africain\u00a0\u00bb,\u00a0\u00a0en contribuant \u00e0 cr\u00e9er l\u2019\u00e9cosyst\u00e8me favorable, \u00e0 faciliter l\u2019acc\u00e8s aux capacit\u00e9s d\u2019analyse, de conseil strat\u00e9gique et de promotion et \u00e0 favoriser les \u00e9changes entre acteurs impliqu\u00e9s\u00a0dans des d\u00e9marches de valorisation et de diff\u00e9renciation positive&#8230;<\/p>\n","protected":false},"author":1,"featured_media":0,"parent":0,"menu_order":0,"comment_status":"closed","ping_status":"closed","template":"elementor_header_footer","meta":{"footnotes":""},"class_list":["post-8739","page","type-page","status-publish","hentry"],"_links":{"self":[{"href":"https:\/\/dtcs-expect.org\/index.php\/wp-json\/wp\/v2\/pages\/8739","targetHints":{"allow":["GET"]}}],"collection":[{"href":"https:\/\/dtcs-expect.org\/index.php\/wp-json\/wp\/v2\/pages"}],"about":[{"href":"https:\/\/dtcs-expect.org\/index.php\/wp-json\/wp\/v2\/types\/page"}],"author":[{"embeddable":true,"href":"https:\/\/dtcs-expect.org\/index.php\/wp-json\/wp\/v2\/users\/1"}],"replies":[{"embeddable":true,"href":"https:\/\/dtcs-expect.org\/index.php\/wp-json\/wp\/v2\/comments?post=8739"}],"version-history":[{"count":8,"href":"https:\/\/dtcs-expect.org\/index.php\/wp-json\/wp\/v2\/pages\/8739\/revisions"}],"predecessor-version":[{"id":9242,"href":"https:\/\/dtcs-expect.org\/index.php\/wp-json\/wp\/v2\/pages\/8739\/revisions\/9242"}],"wp:attachment":[{"href":"https:\/\/dtcs-expect.org\/index.php\/wp-json\/wp\/v2\/media?parent=8739"}],"curies":[{"name":"wp","href":"https:\/\/api.w.org\/{rel}","templated":true}]}}